{"id":94,"date":"2021-03-16T11:09:39","date_gmt":"2021-03-16T10:09:39","guid":{"rendered":"http:\/\/lemplacement.com\/?page_id=94"},"modified":"2026-01-12T11:34:47","modified_gmt":"2026-01-12T10:34:47","slug":"lemplacement-cabinet-immobilier-a-strasbourg-robertsau","status":"publish","type":"page","link":"https:\/\/lemplacement.com\/","title":{"rendered":"Accueil"},"content":{"rendered":"<p>Vous souhaitez louer acheter ou vendre, un fonds de Commerce, un droit au bail, des murs commerciaux ou professionnels ? Christelle est \u00e0 votre disposition que vous souhaitiez \u00e9valuer ensemble votre prix de cession, cr\u00e9er ou reprendre une entreprise.<\/p>\n<p>Forts de nos 20 ans d\u2019exp\u00e9rience familiale dans ce domaine, nous vous proposons tous les outils afin de concr\u00e9tiser votre projet dans les meilleures conditions.<\/p>\n<ul>\n<li>Plus de 20 ans d\u2019exp\u00e9rience<\/li>\n<li>Des biens de qualit\u00e9s<\/li>\n<li>Des solutions adapt\u00e9es<\/li>\n<li>Une connaissance approfondie du march\u00e9<\/li>\n<li>Christelle Schenck Expert Judicaire pr\u00e8s la Cour d\u2019Appel de Colmar<strong><em> &#8211; <\/em><\/strong>Expert Immobilier Agr\u00e9\u00e9 N\u00b0102236<\/li>\n<\/ul>\n","protected":false},"excerpt":{"rendered":"<p>Vous souhaitez louer acheter ou vendre, un fonds de Commerce, un droit au bail, des murs commerciaux ou professionnels ? Christelle est \u00e0 votre disposition que vous souhaitiez \u00e9valuer ensemble votre prix de cession, cr\u00e9er ou reprendre une entreprise. Forts de nos 20 ans d\u2019exp\u00e9rience familiale dans ce domaine, nous vous proposons tous les outils [&hellip;]<\/p>\n","protected":false},"author":1,"featured_media":0,"parent":0,"menu_order":0,"comment_status":"closed","ping_status":"closed","template":"homepage.php","meta":{"footnotes":""},"class_list":["post-94","page","type-page","status-publish","hentry"],"yoast_head":"<!-- This site is optimized with the Yoast SEO plugin v24.6 - https:\/\/yoast.com\/wordpress\/plugins\/seo\/ -->\n<title>Accueil - L&#039;emplacement<\/title>\n<meta name=\"description\" content=\"L\u2019Emplacement Cabinet immobilier \u00e0 Strasbourg Robertsau! Tout commence par un avis de valeur. Nous Vendons, Nous louons, Nous achetons terrains maisons et Immeubles \u2013 81, rue Boecklin Strasbourg Robertsau - Contactez-nous 03.88.310.200 contact@lemplacement.com\" \/>\n<meta name=\"robots\" content=\"index, follow, max-snippet:-1, max-image-preview:large, max-video-preview:-1\" \/>\n<link rel=\"canonical\" href=\"https:\/\/lemplacement.com\/\" \/>\n<meta property=\"og:locale\" content=\"fr_FR\" \/>\n<meta property=\"og:type\" content=\"article\" \/>\n<meta property=\"og:title\" content=\"Accueil - L&#039;emplacement\" \/>\n<meta property=\"og:description\" content=\"L\u2019Emplacement Cabinet immobilier \u00e0 Strasbourg Robertsau! Tout commence par un avis de valeur. Nous Vendons, Nous louons, Nous achetons terrains maisons et Immeubles \u2013 81, rue Boecklin Strasbourg Robertsau - Contactez-nous 03.88.310.200 contact@lemplacement.com\" \/>\n<meta property=\"og:url\" content=\"https:\/\/lemplacement.com\/\" \/>\n<meta property=\"og:site_name\" content=\"L&#039;emplacement\" \/>\n<meta property=\"article:modified_time\" content=\"2026-01-12T10:34:47+00:00\" \/>\n<meta name=\"twitter:card\" content=\"summary_large_image\" \/>\n<meta name=\"twitter:label1\" content=\"Dur\u00e9e de lecture estim\u00e9e\" \/>\n\t<meta name=\"twitter:data1\" content=\"1 minute\" \/>\n<script type=\"application\/ld+json\" class=\"yoast-schema-graph\">{\"@context\":\"https:\/\/schema.org\",\"@graph\":[{\"@type\":\"WebPage\",\"@id\":\"https:\/\/lemplacement.com\/\",\"url\":\"https:\/\/lemplacement.com\/\",\"name\":\"Accueil - L&#039;emplacement\",\"isPartOf\":{\"@id\":\"https:\/\/lemplacement.com\/#website\"},\"datePublished\":\"2021-03-16T10:09:39+00:00\",\"dateModified\":\"2026-01-12T10:34:47+00:00\",\"description\":\"L\u2019Emplacement Cabinet immobilier \u00e0 Strasbourg Robertsau! Tout commence par un avis de valeur. Nous Vendons, Nous louons, Nous achetons terrains maisons et Immeubles \u2013 81, rue Boecklin Strasbourg Robertsau - Contactez-nous 03.88.310.200 contact@lemplacement.com\",\"breadcrumb\":{\"@id\":\"https:\/\/lemplacement.com\/#breadcrumb\"},\"inLanguage\":\"fr-FR\",\"potentialAction\":[{\"@type\":\"ReadAction\",\"target\":[\"https:\/\/lemplacement.com\/\"]}]},{\"@type\":\"BreadcrumbList\",\"@id\":\"https:\/\/lemplacement.com\/#breadcrumb\",\"itemListElement\":[{\"@type\":\"ListItem\",\"position\":1,\"name\":\"Accueil\",\"item\":\"https:\/\/lemplacement.com\/\"},{\"@type\":\"ListItem\",\"position\":2,\"name\":\"Accueil\"}]},{\"@type\":\"WebSite\",\"@id\":\"https:\/\/lemplacement.com\/#website\",\"url\":\"https:\/\/lemplacement.com\/\",\"name\":\"L&#039;emplacement\",\"description\":\"\",\"potentialAction\":[{\"@type\":\"SearchAction\",\"target\":{\"@type\":\"EntryPoint\",\"urlTemplate\":\"https:\/\/lemplacement.com\/?s={search_term_string}\"},\"query-input\":{\"@type\":\"PropertyValueSpecification\",\"valueRequired\":true,\"valueName\":\"search_term_string\"}}],\"inLanguage\":\"fr-FR\"}]}<\/script>\n<!-- \/ Yoast SEO plugin. -->","yoast_head_json":{"title":"Accueil - L&#039;emplacement","description":"L\u2019Emplacement Cabinet immobilier \u00e0 Strasbourg Robertsau! Tout commence par un avis de valeur. Nous Vendons, Nous louons, Nous achetons terrains maisons et Immeubles \u2013 81, rue Boecklin Strasbourg Robertsau - Contactez-nous 03.88.310.200 contact@lemplacement.com","robots":{"index":"index","follow":"follow","max-snippet":"max-snippet:-1","max-image-preview":"max-image-preview:large","max-video-preview":"max-video-preview:-1"},"canonical":"https:\/\/lemplacement.com\/","og_locale":"fr_FR","og_type":"article","og_title":"Accueil - L&#039;emplacement","og_description":"L\u2019Emplacement Cabinet immobilier \u00e0 Strasbourg Robertsau! Tout commence par un avis de valeur. Nous Vendons, Nous louons, Nous achetons terrains maisons et Immeubles \u2013 81, rue Boecklin Strasbourg Robertsau - Contactez-nous 03.88.310.200 contact@lemplacement.com","og_url":"https:\/\/lemplacement.com\/","og_site_name":"L&#039;emplacement","article_modified_time":"2026-01-12T10:34:47+00:00","twitter_card":"summary_large_image","twitter_misc":{"Dur\u00e9e de lecture estim\u00e9e":"1 minute"},"schema":{"@context":"https:\/\/schema.org","@graph":[{"@type":"WebPage","@id":"https:\/\/lemplacement.com\/","url":"https:\/\/lemplacement.com\/","name":"Accueil - L&#039;emplacement","isPartOf":{"@id":"https:\/\/lemplacement.com\/#website"},"datePublished":"2021-03-16T10:09:39+00:00","dateModified":"2026-01-12T10:34:47+00:00","description":"L\u2019Emplacement Cabinet immobilier \u00e0 Strasbourg Robertsau! Tout commence par un avis de valeur. Nous Vendons, Nous louons, Nous achetons terrains maisons et Immeubles \u2013 81, rue Boecklin Strasbourg Robertsau - Contactez-nous 03.88.310.200 contact@lemplacement.com","breadcrumb":{"@id":"https:\/\/lemplacement.com\/#breadcrumb"},"inLanguage":"fr-FR","potentialAction":[{"@type":"ReadAction","target":["https:\/\/lemplacement.com\/"]}]},{"@type":"BreadcrumbList","@id":"https:\/\/lemplacement.com\/#breadcrumb","itemListElement":[{"@type":"ListItem","position":1,"name":"Accueil","item":"https:\/\/lemplacement.com\/"},{"@type":"ListItem","position":2,"name":"Accueil"}]},{"@type":"WebSite","@id":"https:\/\/lemplacement.com\/#website","url":"https:\/\/lemplacement.com\/","name":"L&#039;emplacement","description":"","potentialAction":[{"@type":"SearchAction","target":{"@type":"EntryPoint","urlTemplate":"https:\/\/lemplacement.com\/?s={search_term_string}"},"query-input":{"@type":"PropertyValueSpecification","valueRequired":true,"valueName":"search_term_string"}}],"inLanguage":"fr-FR"}]}},"_links":{"self":[{"href":"https:\/\/lemplacement.com\/index.php?rest_route=\/wp\/v2\/pages\/94","targetHints":{"allow":["GET"]}}],"collection":[{"href":"https:\/\/lemplacement.com\/index.php?rest_route=\/wp\/v2\/pages"}],"about":[{"href":"https:\/\/lemplacement.com\/index.php?rest_route=\/wp\/v2\/types\/page"}],"author":[{"embeddable":true,"href":"https:\/\/lemplacement.com\/index.php?rest_route=\/wp\/v2\/users\/1"}],"replies":[{"embeddable":true,"href":"https:\/\/lemplacement.com\/index.php?rest_route=%2Fwp%2Fv2%2Fcomments&post=94"}],"version-history":[{"count":134,"href":"https:\/\/lemplacement.com\/index.php?rest_route=\/wp\/v2\/pages\/94\/revisions"}],"predecessor-version":[{"id":4734,"href":"https:\/\/lemplacement.com\/index.php?rest_route=\/wp\/v2\/pages\/94\/revisions\/4734"}],"wp:attachment":[{"href":"https:\/\/lemplacement.com\/index.php?rest_route=%2Fwp%2Fv2%2Fmedia&parent=94"}],"curies":[{"name":"wp","href":"https:\/\/api.w.org\/{rel}","templated":true}]}}