{"id":83,"date":"2021-03-16T11:00:54","date_gmt":"2021-03-16T10:00:54","guid":{"rendered":"http:\/\/lemplacement.com\/?page_id=83"},"modified":"2021-08-25T11:41:05","modified_gmt":"2021-08-25T09:41:05","slug":"conseils-de-location","status":"publish","type":"page","link":"https:\/\/lemplacement.com\/?page_id=83","title":{"rendered":"Conseils de location"},"content":{"rendered":"<h2>La location d\u2019un bien immobilier qu\u2019il soit d\u2019habitation ou professionnel r\u00e9pond \u00e0 des r\u00e8gles pr\u00e9cises.<\/h2>\n<ul>\n<li>Vous vous posez des questions sur la location de biens immobiliers d\u2019habitation ou professionnels?<\/li>\n<li>Vous \u00eates locataire ou vous allez bient\u00f4t le devenir?<\/li>\n<li>Vous poss\u00e9dez un bien que vous voulez mettre en location?<\/li>\n<\/ul>\n<p>&nbsp;<\/p>\n<h2>Notre objectif: vous satisfaire et vous accompagner.<\/h2>\n<p>Nos engagements et notre expertise du march\u00e9 strasbourgeois nous permettent de :<\/p>\n<ul>\n<li>Louer rapidement votre bien immobilier.<\/li>\n<li>Vous faire b\u00e9n\u00e9ficier d\u2019une pr\u00e9sentation optimis\u00e9e de votre bien immobilier.<\/li>\n<li>Diffuser votre bien immobilier sur diff\u00e9rents supports.<\/li>\n<li>De vous lib\u00e9rer des formalit\u00e9s administratives li\u00e9es \u00e0 la location.<\/li>\n<\/ul>\n","protected":false},"excerpt":{"rendered":"<p>La location d\u2019un bien immobilier qu\u2019il soit d\u2019habitation ou professionnel r\u00e9pond \u00e0 des r\u00e8gles pr\u00e9cises. Vous vous posez des questions sur la location de biens immobiliers d\u2019habitation ou professionnels? Vous \u00eates locataire ou vous allez bient\u00f4t le devenir? Vous poss\u00e9dez un bien que vous voulez mettre en location? &nbsp; Notre objectif: vous satisfaire et vous [&hellip;]<\/p>\n","protected":false},"author":1,"featured_media":0,"parent":0,"menu_order":0,"comment_status":"closed","ping_status":"closed","template":"","meta":{"footnotes":""},"class_list":["post-83","page","type-page","status-publish","hentry"],"yoast_head":"<!-- This site is optimized with the Yoast SEO plugin v24.6 - https:\/\/yoast.com\/wordpress\/plugins\/seo\/ -->\n<title>Conseils de location - L&#039;emplacement<\/title>\n<meta name=\"robots\" content=\"index, follow, max-snippet:-1, max-image-preview:large, max-video-preview:-1\" \/>\n<link rel=\"canonical\" href=\"https:\/\/lemplacement.com\/?page_id=83\" \/>\n<meta property=\"og:locale\" content=\"fr_FR\" \/>\n<meta property=\"og:type\" content=\"article\" \/>\n<meta property=\"og:title\" content=\"Conseils de location - L&#039;emplacement\" \/>\n<meta property=\"og:description\" content=\"La location d\u2019un bien immobilier qu\u2019il soit d\u2019habitation ou professionnel r\u00e9pond \u00e0 des r\u00e8gles pr\u00e9cises. Vous vous posez des questions sur la location de biens immobiliers d\u2019habitation ou professionnels? Vous \u00eates locataire ou vous allez bient\u00f4t le devenir? Vous poss\u00e9dez un bien que vous voulez mettre en location? &nbsp; Notre objectif: vous satisfaire et vous [&hellip;]\" \/>\n<meta property=\"og:url\" content=\"https:\/\/lemplacement.com\/?page_id=83\" \/>\n<meta property=\"og:site_name\" content=\"L&#039;emplacement\" \/>\n<meta property=\"article:modified_time\" content=\"2021-08-25T09:41:05+00:00\" \/>\n<meta name=\"twitter:card\" content=\"summary_large_image\" \/>\n<meta name=\"twitter:label1\" content=\"Dur\u00e9e de lecture estim\u00e9e\" \/>\n\t<meta name=\"twitter:data1\" content=\"1 minute\" \/>\n<script type=\"application\/ld+json\" class=\"yoast-schema-graph\">{\"@context\":\"https:\/\/schema.org\",\"@graph\":[{\"@type\":\"WebPage\",\"@id\":\"https:\/\/lemplacement.com\/?page_id=83\",\"url\":\"https:\/\/lemplacement.com\/?page_id=83\",\"name\":\"Conseils de location - L&#039;emplacement\",\"isPartOf\":{\"@id\":\"https:\/\/lemplacement.com\/#website\"},\"datePublished\":\"2021-03-16T10:00:54+00:00\",\"dateModified\":\"2021-08-25T09:41:05+00:00\",\"breadcrumb\":{\"@id\":\"https:\/\/lemplacement.com\/?page_id=83#breadcrumb\"},\"inLanguage\":\"fr-FR\",\"potentialAction\":[{\"@type\":\"ReadAction\",\"target\":[\"https:\/\/lemplacement.com\/?page_id=83\"]}]},{\"@type\":\"BreadcrumbList\",\"@id\":\"https:\/\/lemplacement.com\/?page_id=83#breadcrumb\",\"itemListElement\":[{\"@type\":\"ListItem\",\"position\":1,\"name\":\"Accueil\",\"item\":\"https:\/\/lemplacement.com\/\"},{\"@type\":\"ListItem\",\"position\":2,\"name\":\"Conseils de location\"}]},{\"@type\":\"WebSite\",\"@id\":\"https:\/\/lemplacement.com\/#website\",\"url\":\"https:\/\/lemplacement.com\/\",\"name\":\"L&#039;emplacement\",\"description\":\"\",\"potentialAction\":[{\"@type\":\"SearchAction\",\"target\":{\"@type\":\"EntryPoint\",\"urlTemplate\":\"https:\/\/lemplacement.com\/?s={search_term_string}\"},\"query-input\":{\"@type\":\"PropertyValueSpecification\",\"valueRequired\":true,\"valueName\":\"search_term_string\"}}],\"inLanguage\":\"fr-FR\"}]}<\/script>\n<!-- \/ Yoast SEO plugin. -->","yoast_head_json":{"title":"Conseils de location - L&#039;emplacement","robots":{"index":"index","follow":"follow","max-snippet":"max-snippet:-1","max-image-preview":"max-image-preview:large","max-video-preview":"max-video-preview:-1"},"canonical":"https:\/\/lemplacement.com\/?page_id=83","og_locale":"fr_FR","og_type":"article","og_title":"Conseils de location - L&#039;emplacement","og_description":"La location d\u2019un bien immobilier qu\u2019il soit d\u2019habitation ou professionnel r\u00e9pond \u00e0 des r\u00e8gles pr\u00e9cises. Vous vous posez des questions sur la location de biens immobiliers d\u2019habitation ou professionnels? Vous \u00eates locataire ou vous allez bient\u00f4t le devenir? Vous poss\u00e9dez un bien que vous voulez mettre en location? &nbsp; Notre objectif: vous satisfaire et vous [&hellip;]","og_url":"https:\/\/lemplacement.com\/?page_id=83","og_site_name":"L&#039;emplacement","article_modified_time":"2021-08-25T09:41:05+00:00","twitter_card":"summary_large_image","twitter_misc":{"Dur\u00e9e de lecture estim\u00e9e":"1 minute"},"schema":{"@context":"https:\/\/schema.org","@graph":[{"@type":"WebPage","@id":"https:\/\/lemplacement.com\/?page_id=83","url":"https:\/\/lemplacement.com\/?page_id=83","name":"Conseils de location - L&#039;emplacement","isPartOf":{"@id":"https:\/\/lemplacement.com\/#website"},"datePublished":"2021-03-16T10:00:54+00:00","dateModified":"2021-08-25T09:41:05+00:00","breadcrumb":{"@id":"https:\/\/lemplacement.com\/?page_id=83#breadcrumb"},"inLanguage":"fr-FR","potentialAction":[{"@type":"ReadAction","target":["https:\/\/lemplacement.com\/?page_id=83"]}]},{"@type":"BreadcrumbList","@id":"https:\/\/lemplacement.com\/?page_id=83#breadcrumb","itemListElement":[{"@type":"ListItem","position":1,"name":"Accueil","item":"https:\/\/lemplacement.com\/"},{"@type":"ListItem","position":2,"name":"Conseils de location"}]},{"@type":"WebSite","@id":"https:\/\/lemplacement.com\/#website","url":"https:\/\/lemplacement.com\/","name":"L&#039;emplacement","description":"","potentialAction":[{"@type":"SearchAction","target":{"@type":"EntryPoint","urlTemplate":"https:\/\/lemplacement.com\/?s={search_term_string}"},"query-input":{"@type":"PropertyValueSpecification","valueRequired":true,"valueName":"search_term_string"}}],"inLanguage":"fr-FR"}]}},"_links":{"self":[{"href":"https:\/\/lemplacement.com\/index.php?rest_route=\/wp\/v2\/pages\/83","targetHints":{"allow":["GET"]}}],"collection":[{"href":"https:\/\/lemplacement.com\/index.php?rest_route=\/wp\/v2\/pages"}],"about":[{"href":"https:\/\/lemplacement.com\/index.php?rest_route=\/wp\/v2\/types\/page"}],"author":[{"embeddable":true,"href":"https:\/\/lemplacement.com\/index.php?rest_route=\/wp\/v2\/users\/1"}],"replies":[{"embeddable":true,"href":"https:\/\/lemplacement.com\/index.php?rest_route=%2Fwp%2Fv2%2Fcomments&post=83"}],"version-history":[{"count":6,"href":"https:\/\/lemplacement.com\/index.php?rest_route=\/wp\/v2\/pages\/83\/revisions"}],"predecessor-version":[{"id":566,"href":"https:\/\/lemplacement.com\/index.php?rest_route=\/wp\/v2\/pages\/83\/revisions\/566"}],"wp:attachment":[{"href":"https:\/\/lemplacement.com\/index.php?rest_route=%2Fwp%2Fv2%2Fmedia&parent=83"}],"curies":[{"name":"wp","href":"https:\/\/api.w.org\/{rel}","templated":true}]}}