{"id":75,"date":"2021-02-16T10:58:52","date_gmt":"2021-02-16T09:58:52","guid":{"rendered":"http:\/\/lemplacement.com\/?page_id=75"},"modified":"2021-08-25T11:04:55","modified_gmt":"2021-08-25T09:04:55","slug":"lemplacement-immobilier-residentiel-et-professionnel","status":"publish","type":"page","link":"https:\/\/lemplacement.com\/?page_id=75","title":{"rendered":"L&rsquo;Emplacement, immobilier r\u00e9sidentiel et Professionnel"},"content":{"rendered":"<h2>Une \u00e9quipe de professionnels \u00e0 votre service<\/h2>\n<p>Nous sommes exigeants dans la gestion des int\u00e9r\u00eats, des acqu\u00e9reurs, des propri\u00e9taires et des locataires. Nous proposons des services complets de relocalisation pour les clients qui s\u2019installent \u00e0 Strasbourg afin de faciliter leur mobilit\u00e9 professionnelle.<\/p>\n<p>Nous sommes install\u00e9s de longue date, notre \u00e9quipe est jeune et ambitieuse et nous sommes fiers du travail que nous accomplissons, nous effor\u00e7ant toujours d\u2019innover et de nous r\u00e9inventer pour satisfaire vos attentes.<\/p>\n<h2><img loading=\"lazy\" decoding=\"async\" class=\"alignleft wp-image-448 size-full\" src=\"https:\/\/lemplacement.com\/wp-content\/uploads\/2021\/08\/square-right-emplacement.png\" alt=\"\" width=\"962\" height=\"946\" srcset=\"https:\/\/lemplacement.com\/wp-content\/uploads\/2021\/08\/square-right-emplacement.png 962w, https:\/\/lemplacement.com\/wp-content\/uploads\/2021\/08\/square-right-emplacement-300x295.png 300w, https:\/\/lemplacement.com\/wp-content\/uploads\/2021\/08\/square-right-emplacement-768x755.png 768w\" sizes=\"auto, (max-width: 962px) 100vw, 962px\" \/>Immobilier d\u2019entreprise \u00ab\u00a0L\u2019agence immobili\u00e8re<br \/>\ndes professionnels\u00a0\u00bb<\/h2>\n<p>Fonds de commerce \/ Locaux commerciaux \/ Bureaux \/ Terrains industriels et commerciaux<\/p>\n<p>Vous souhaitez louer acheter ou vendre, un fonds de Commerce, un droit au bail, des murs commerciaux ou professionnels ? Christelle est \u00e0 votre disposition que vous souhaitiez \u00e9valuer ensemble votre prix de cession, cr\u00e9er ou reprendre une entreprise.<\/p>\n<p>Forts de nos 20 ans d\u2019exp\u00e9rience familiale dans ce domaine, nous vous proposons tous les outils afin de concr\u00e9tiser votre projet dans les meilleures conditions.<\/p>\n","protected":false},"excerpt":{"rendered":"<p>Une \u00e9quipe de professionnels \u00e0 votre service Nous sommes exigeants dans la gestion des int\u00e9r\u00eats, des acqu\u00e9reurs, des propri\u00e9taires et des locataires. Nous proposons des services complets de relocalisation pour les clients qui s\u2019installent \u00e0 Strasbourg afin de faciliter leur mobilit\u00e9 professionnelle. Nous sommes install\u00e9s de longue date, notre \u00e9quipe est jeune et ambitieuse et [&hellip;]<\/p>\n","protected":false},"author":1,"featured_media":0,"parent":0,"menu_order":0,"comment_status":"closed","ping_status":"closed","template":"lemplacement.php","meta":{"footnotes":""},"class_list":["post-75","page","type-page","status-publish","hentry"],"yoast_head":"<!-- This site is optimized with the Yoast SEO plugin v24.6 - https:\/\/yoast.com\/wordpress\/plugins\/seo\/ -->\n<title>L&#039;Emplacement, immobilier r\u00e9sidentiel et Professionnel - L&#039;emplacement<\/title>\n<meta name=\"robots\" content=\"index, follow, max-snippet:-1, max-image-preview:large, max-video-preview:-1\" \/>\n<link rel=\"canonical\" href=\"https:\/\/lemplacement.com\/?page_id=75\" \/>\n<meta property=\"og:locale\" content=\"fr_FR\" \/>\n<meta property=\"og:type\" content=\"article\" \/>\n<meta property=\"og:title\" content=\"L&#039;Emplacement, immobilier r\u00e9sidentiel et Professionnel - L&#039;emplacement\" \/>\n<meta property=\"og:description\" content=\"Une \u00e9quipe de professionnels \u00e0 votre service Nous sommes exigeants dans la gestion des int\u00e9r\u00eats, des acqu\u00e9reurs, des propri\u00e9taires et des locataires. Nous proposons des services complets de relocalisation pour les clients qui s\u2019installent \u00e0 Strasbourg afin de faciliter leur mobilit\u00e9 professionnelle. Nous sommes install\u00e9s de longue date, notre \u00e9quipe est jeune et ambitieuse et [&hellip;]\" \/>\n<meta property=\"og:url\" content=\"https:\/\/lemplacement.com\/?page_id=75\" \/>\n<meta property=\"og:site_name\" content=\"L&#039;emplacement\" \/>\n<meta property=\"article:modified_time\" content=\"2021-08-25T09:04:55+00:00\" \/>\n<meta property=\"og:image\" content=\"http:\/\/lemplacement.com\/wp-content\/uploads\/2021\/08\/square-right-emplacement.png\" \/>\n<meta name=\"twitter:card\" content=\"summary_large_image\" \/>\n<meta name=\"twitter:label1\" content=\"Dur\u00e9e de lecture estim\u00e9e\" \/>\n\t<meta name=\"twitter:data1\" content=\"1 minute\" \/>\n<script type=\"application\/ld+json\" class=\"yoast-schema-graph\">{\"@context\":\"https:\/\/schema.org\",\"@graph\":[{\"@type\":\"WebPage\",\"@id\":\"https:\/\/lemplacement.com\/?page_id=75\",\"url\":\"https:\/\/lemplacement.com\/?page_id=75\",\"name\":\"L'Emplacement, immobilier r\u00e9sidentiel et Professionnel - L&#039;emplacement\",\"isPartOf\":{\"@id\":\"https:\/\/lemplacement.com\/#website\"},\"primaryImageOfPage\":{\"@id\":\"https:\/\/lemplacement.com\/?page_id=75#primaryimage\"},\"image\":{\"@id\":\"https:\/\/lemplacement.com\/?page_id=75#primaryimage\"},\"thumbnailUrl\":\"http:\/\/lemplacement.com\/wp-content\/uploads\/2021\/08\/square-right-emplacement.png\",\"datePublished\":\"2021-02-16T09:58:52+00:00\",\"dateModified\":\"2021-08-25T09:04:55+00:00\",\"breadcrumb\":{\"@id\":\"https:\/\/lemplacement.com\/?page_id=75#breadcrumb\"},\"inLanguage\":\"fr-FR\",\"potentialAction\":[{\"@type\":\"ReadAction\",\"target\":[\"https:\/\/lemplacement.com\/?page_id=75\"]}]},{\"@type\":\"ImageObject\",\"inLanguage\":\"fr-FR\",\"@id\":\"https:\/\/lemplacement.com\/?page_id=75#primaryimage\",\"url\":\"http:\/\/lemplacement.com\/wp-content\/uploads\/2021\/08\/square-right-emplacement.png\",\"contentUrl\":\"http:\/\/lemplacement.com\/wp-content\/uploads\/2021\/08\/square-right-emplacement.png\"},{\"@type\":\"BreadcrumbList\",\"@id\":\"https:\/\/lemplacement.com\/?page_id=75#breadcrumb\",\"itemListElement\":[{\"@type\":\"ListItem\",\"position\":1,\"name\":\"Accueil\",\"item\":\"https:\/\/lemplacement.com\/\"},{\"@type\":\"ListItem\",\"position\":2,\"name\":\"L&rsquo;Emplacement, immobilier r\u00e9sidentiel et Professionnel\"}]},{\"@type\":\"WebSite\",\"@id\":\"https:\/\/lemplacement.com\/#website\",\"url\":\"https:\/\/lemplacement.com\/\",\"name\":\"L&#039;emplacement\",\"description\":\"\",\"potentialAction\":[{\"@type\":\"SearchAction\",\"target\":{\"@type\":\"EntryPoint\",\"urlTemplate\":\"https:\/\/lemplacement.com\/?s={search_term_string}\"},\"query-input\":{\"@type\":\"PropertyValueSpecification\",\"valueRequired\":true,\"valueName\":\"search_term_string\"}}],\"inLanguage\":\"fr-FR\"}]}<\/script>\n<!-- \/ Yoast SEO plugin. -->","yoast_head_json":{"title":"L'Emplacement, immobilier r\u00e9sidentiel et Professionnel - L&#039;emplacement","robots":{"index":"index","follow":"follow","max-snippet":"max-snippet:-1","max-image-preview":"max-image-preview:large","max-video-preview":"max-video-preview:-1"},"canonical":"https:\/\/lemplacement.com\/?page_id=75","og_locale":"fr_FR","og_type":"article","og_title":"L'Emplacement, immobilier r\u00e9sidentiel et Professionnel - L&#039;emplacement","og_description":"Une \u00e9quipe de professionnels \u00e0 votre service Nous sommes exigeants dans la gestion des int\u00e9r\u00eats, des acqu\u00e9reurs, des propri\u00e9taires et des locataires. Nous proposons des services complets de relocalisation pour les clients qui s\u2019installent \u00e0 Strasbourg afin de faciliter leur mobilit\u00e9 professionnelle. Nous sommes install\u00e9s de longue date, notre \u00e9quipe est jeune et ambitieuse et [&hellip;]","og_url":"https:\/\/lemplacement.com\/?page_id=75","og_site_name":"L&#039;emplacement","article_modified_time":"2021-08-25T09:04:55+00:00","og_image":[{"url":"http:\/\/lemplacement.com\/wp-content\/uploads\/2021\/08\/square-right-emplacement.png","type":"","width":"","height":""}],"twitter_card":"summary_large_image","twitter_misc":{"Dur\u00e9e de lecture estim\u00e9e":"1 minute"},"schema":{"@context":"https:\/\/schema.org","@graph":[{"@type":"WebPage","@id":"https:\/\/lemplacement.com\/?page_id=75","url":"https:\/\/lemplacement.com\/?page_id=75","name":"L'Emplacement, immobilier r\u00e9sidentiel et Professionnel - L&#039;emplacement","isPartOf":{"@id":"https:\/\/lemplacement.com\/#website"},"primaryImageOfPage":{"@id":"https:\/\/lemplacement.com\/?page_id=75#primaryimage"},"image":{"@id":"https:\/\/lemplacement.com\/?page_id=75#primaryimage"},"thumbnailUrl":"http:\/\/lemplacement.com\/wp-content\/uploads\/2021\/08\/square-right-emplacement.png","datePublished":"2021-02-16T09:58:52+00:00","dateModified":"2021-08-25T09:04:55+00:00","breadcrumb":{"@id":"https:\/\/lemplacement.com\/?page_id=75#breadcrumb"},"inLanguage":"fr-FR","potentialAction":[{"@type":"ReadAction","target":["https:\/\/lemplacement.com\/?page_id=75"]}]},{"@type":"ImageObject","inLanguage":"fr-FR","@id":"https:\/\/lemplacement.com\/?page_id=75#primaryimage","url":"http:\/\/lemplacement.com\/wp-content\/uploads\/2021\/08\/square-right-emplacement.png","contentUrl":"http:\/\/lemplacement.com\/wp-content\/uploads\/2021\/08\/square-right-emplacement.png"},{"@type":"BreadcrumbList","@id":"https:\/\/lemplacement.com\/?page_id=75#breadcrumb","itemListElement":[{"@type":"ListItem","position":1,"name":"Accueil","item":"https:\/\/lemplacement.com\/"},{"@type":"ListItem","position":2,"name":"L&rsquo;Emplacement, immobilier r\u00e9sidentiel et Professionnel"}]},{"@type":"WebSite","@id":"https:\/\/lemplacement.com\/#website","url":"https:\/\/lemplacement.com\/","name":"L&#039;emplacement","description":"","potentialAction":[{"@type":"SearchAction","target":{"@type":"EntryPoint","urlTemplate":"https:\/\/lemplacement.com\/?s={search_term_string}"},"query-input":{"@type":"PropertyValueSpecification","valueRequired":true,"valueName":"search_term_string"}}],"inLanguage":"fr-FR"}]}},"_links":{"self":[{"href":"https:\/\/lemplacement.com\/index.php?rest_route=\/wp\/v2\/pages\/75","targetHints":{"allow":["GET"]}}],"collection":[{"href":"https:\/\/lemplacement.com\/index.php?rest_route=\/wp\/v2\/pages"}],"about":[{"href":"https:\/\/lemplacement.com\/index.php?rest_route=\/wp\/v2\/types\/page"}],"author":[{"embeddable":true,"href":"https:\/\/lemplacement.com\/index.php?rest_route=\/wp\/v2\/users\/1"}],"replies":[{"embeddable":true,"href":"https:\/\/lemplacement.com\/index.php?rest_route=%2Fwp%2Fv2%2Fcomments&post=75"}],"version-history":[{"count":10,"href":"https:\/\/lemplacement.com\/index.php?rest_route=\/wp\/v2\/pages\/75\/revisions"}],"predecessor-version":[{"id":452,"href":"https:\/\/lemplacement.com\/index.php?rest_route=\/wp\/v2\/pages\/75\/revisions\/452"}],"wp:attachment":[{"href":"https:\/\/lemplacement.com\/index.php?rest_route=%2Fwp%2Fv2%2Fmedia&parent=75"}],"curies":[{"name":"wp","href":"https:\/\/api.w.org\/{rel}","templated":true}]}}