{"id":1802,"date":"2022-12-17T16:29:01","date_gmt":"2022-12-17T15:29:01","guid":{"rendered":"https:\/\/lemplacement.com\/?page_id=1802"},"modified":"2023-05-13T19:24:38","modified_gmt":"2023-05-13T17:24:38","slug":"lexpertise-immobilier","status":"publish","type":"page","link":"https:\/\/lemplacement.com\/?page_id=1802","title":{"rendered":"L&rsquo;expertise immobilier"},"content":{"rendered":"<h2>Expertise immobili\u00e8re pour votre bien r\u00e9sidentiel ou professionnel<\/h2>\n<div data-canvas-width=\"526.3280000000001\">\n<p>Faites appel \u00e0 un expert immobilier ind\u00e9pendant pour \u00e9valuer en toute impartialit\u00e9 la valeur de votre bien immobilier, de fonds de commerce. Notre expertise repose sur des m\u00e9thodes appliqu\u00e9es tr\u00e8s pr\u00e9cises, encadr\u00e9es par des r\u00e8gles strictes pour garantir la justesse et la justification juridique de chaque donn\u00e9e utilis\u00e9e. Nous pouvons justifier la valeur immobili\u00e8re aupr\u00e8s de particuliers, d&rsquo;instances administratives et judiciaires, de notaires, d&rsquo;experts comptables, d&rsquo;administrations fiscales, de banques ou de compagnies d&rsquo;assurance.<\/p>\n<p>Notre experte immobili\u00e8re agr\u00e9\u00e9e Christelle Schenck dispose de 20 ann\u00e9es d&rsquo;exp\u00e9rience dans le domaine de l&rsquo;immobili\u00e8re et est agr\u00e9\u00e9e par le Centre National de l&rsquo;Expertise (CNE) et certifi\u00e9e REV (Recognised European Valuer) TEGOVA. Elle intervient en Alsace et sur l&rsquo;ensemble du territoire fran\u00e7ais.<\/p>\n<\/div>\n<div data-canvas-width=\"567.4973333333335\"><img loading=\"lazy\" decoding=\"async\" class=\" wp-image-1950 alignleft\" src=\"https:\/\/lemplacement.com\/wp-content\/uploads\/2023\/01\/WhatsApp-Image-2022-12-17-at-16.37.33-300x300.jpeg\" alt=\"\" width=\"299\" height=\"299\" srcset=\"https:\/\/lemplacement.com\/wp-content\/uploads\/2023\/01\/WhatsApp-Image-2022-12-17-at-16.37.33-300x300.jpeg 300w, https:\/\/lemplacement.com\/wp-content\/uploads\/2023\/01\/WhatsApp-Image-2022-12-17-at-16.37.33.jpeg 1024w, https:\/\/lemplacement.com\/wp-content\/uploads\/2023\/01\/WhatsApp-Image-2022-12-17-at-16.37.33-150x150.jpeg 150w, https:\/\/lemplacement.com\/wp-content\/uploads\/2023\/01\/WhatsApp-Image-2022-12-17-at-16.37.33-768x768.jpeg 768w\" sizes=\"auto, (max-width: 299px) 100vw, 299px\" \/><\/div>\n<div data-canvas-width=\"567.4973333333335\"><\/div>\n<div data-canvas-width=\"567.4973333333335\">Nous utilisons diff\u00e9rentes m\u00e9thodes pour \u00e9valuer la valeur d&rsquo;un bien immobilier:<\/div>\n<div data-canvas-width=\"567.4973333333335\"><strong>La m\u00e9thode h\u00e9doniste<\/strong> est utilis\u00e9e pour les lots de copropri\u00e9t\u00e9 en prenant en compte cinq facteurs principaux pour un prix au m\u00e8tre carr\u00e9 pond\u00e9r\u00e9.<\/div>\n<div data-canvas-width=\"567.4973333333335\"><strong>La m\u00e9thode par comparaison<\/strong> et r\u00e9gression statique utilise des transactions r\u00e9alis\u00e9es sur des biens pour d\u00e9finir la valeur d&rsquo;un bien.<\/div>\n<div data-canvas-width=\"567.4973333333335\"><strong>La m\u00e9thode sol + co\u00fbt de construction &#8211; vetust\u00e9;<\/strong> Appr\u00e9cie les deux composantes d&rsquo;un immeuble, son terrain et le b\u00e2ti avec sa v\u00e9tust\u00e9.<\/div>\n<div data-canvas-width=\"567.4973333333335\"><strong>La m\u00e9thode par capitalisation<\/strong> du revenu valorise un bien immobilier par les revenus qu&rsquo;il g\u00e9n\u00e8re en appliquant un taux de rendement.<\/div>\n<div data-canvas-width=\"567.4973333333335\"><strong>La m\u00e9thode du bilan promoteur<\/strong> permet de calculer la projection de retour sur investissement d&rsquo;un bien en utilisant le potentiel urbanistique.<\/div>\n<div data-canvas-width=\"567.4973333333335\">Enfin, <strong>la m\u00e9thode d&rsquo;actualisation du cash flow<\/strong> \u00e9value la capacit\u00e9 d&rsquo;un bien \u00e0 produire de la richesse, en prenant en compte l&rsquo;ensemble de ses amortissements, de ses provisions et de ses b\u00e9n\u00e9fices.<\/div>\n<div data-canvas-width=\"563.5520000000001\">\n<div data-canvas-width=\"563.5520000000001\"><\/div>\n<div data-canvas-width=\"563.5520000000001\">Ces m\u00e9thodes permettent une approche d\u00e9taill\u00e9e et pr\u00e9cise pour chaque situation et tout type de bien immobilier, garantissant ainsi la coh\u00e9rence et la justification pr\u00e9cise des valeurs v\u00e9nales obtenues. Faites confiance \u00e0 notre expertise immobili\u00e8re pour votre bien r\u00e9sidentiel ou professionnel.<\/div>\n<div data-canvas-width=\"563.5520000000001\"><\/div>\n<div data-canvas-width=\"563.5520000000001\"><\/div>\n<h2>Domaine d&rsquo;expertise : Immobilier r\u00e9sidentiel et professionnel<\/h2>\n<p>Vous cherchez une experte en \u00e9valuation immobili\u00e8re pour \u00e9valuer votre bien immobilier r\u00e9sidentiel ou professionnel ? Christelle est l\u00e0 pour vous aider. Avec une exp\u00e9rience solide et des connaissances approfondies en mati\u00e8re d&rsquo;immobilier r\u00e9sidentiel et professionnel, Christelle r\u00e9alise des \u00e9valuations sur demande directe des particuliers ou sur prescription de conseils juridiques tels que des notaires ou des avocats. Elle intervient dans des contextes d&rsquo;achat, de vente, de r\u00e8glement de succession ou de donation, et fournit \u00e9galement des avis de valeur pour les personnes prot\u00e9g\u00e9es, les avancements sur part successorale, les d\u00e9clarations fiscales et les expertises pour pr\u00eat.<br \/>\nNotre approche repose sur une analyse rigoureuse des caract\u00e9ristiques juridiques, architecturales, et environnementales du bien, ainsi que sur l&rsquo;application des m\u00e9thodes d\u00e9finies par la Charte de l&rsquo;Expertise en \u00e9valuation immobili\u00e8re. Nous fournissons un rapport d\u00e9taill\u00e9 pour chaque \u00e9valuation r\u00e9alis\u00e9e.<br \/>\nEn plus de nos services d&rsquo;\u00e9valuation, nous proposons \u00e9galement des services pour les transactions immobili\u00e8res, telles que l&rsquo;achat, la vente et l&rsquo;\u00e9change d&rsquo;immeubles, la succession et la donation-partage, la sortie de communaut\u00e9 ou d&rsquo;indivision et l&rsquo;attribution pr\u00e9f\u00e9rentielle. Nous fournissons \u00e9galement des services de d\u00e9claration fiscale pour la d\u00e9claration de succession et l&rsquo;imp\u00f4t de solidarit\u00e9 sur la fortune.<\/p>\n<p>Dans le domaine de l&rsquo;immobilier professionnel, nous offrons des services d&rsquo;\u00e9valuation en valeur v\u00e9nale et locative pour les locaux d&rsquo;activit\u00e9s, les entrep\u00f4ts, les locaux industriels, les bureaux, etc. Nous avons une base de donn\u00e9es de r\u00e9f\u00e9rences importante et une exp\u00e9rience solide pour aider nos clients bailleurs ou locataires \u00e0 prendre des d\u00e9cisions \u00e9clair\u00e9es.<br \/>\nSi vous cherchez des services pour renouveler votre bail commercial, d\u00e9plafonner votre loyer, calculer votre loyer, ou obtenir une indemnit\u00e9 d&rsquo;\u00e9viction dans le cadre de non-renouvellement, nous sommes l\u00e0 pour vous aider. Nous fournissons \u00e9galement des devis rapides et complets pour que vous puissiez ma\u00eetriser votre budget.<br \/>\nFaites confiance \u00e0 notre expertise pour toutes vos \u00e9valuations immobili\u00e8res r\u00e9sidentielles et professionnelles. Contactez-nous d\u00e8s maintenant pour en savoir plus sur nos services.<\/p>\n<p><strong>Honoraires:<\/strong><\/p>\n<p>Christelle s&rsquo;engage \u00e0 fournir un devis rapide et complet pour que ses clients puissent comprendre et ma\u00eetriser leur budget.<\/p>\n<\/div>\n","protected":false},"excerpt":{"rendered":"<p>Expertise immobili\u00e8re pour votre bien r\u00e9sidentiel ou professionnel Faites appel \u00e0 un expert immobilier ind\u00e9pendant pour \u00e9valuer en toute impartialit\u00e9 la valeur de votre bien immobilier, de fonds de commerce. Notre expertise repose sur des m\u00e9thodes appliqu\u00e9es tr\u00e8s pr\u00e9cises, encadr\u00e9es par des r\u00e8gles strictes pour garantir la justesse et la justification juridique de chaque donn\u00e9e [&hellip;]<\/p>\n","protected":false},"author":2,"featured_media":0,"parent":0,"menu_order":0,"comment_status":"closed","ping_status":"closed","template":"","meta":{"footnotes":""},"class_list":["post-1802","page","type-page","status-publish","hentry"],"yoast_head":"<!-- This site is optimized with the Yoast SEO plugin v24.6 - https:\/\/yoast.com\/wordpress\/plugins\/seo\/ -->\n<title>L&#039;expertise immobilier - L&#039;emplacement<\/title>\n<meta name=\"robots\" content=\"index, follow, max-snippet:-1, max-image-preview:large, max-video-preview:-1\" \/>\n<link rel=\"canonical\" href=\"https:\/\/lemplacement.com\/?page_id=1802\" \/>\n<meta property=\"og:locale\" content=\"fr_FR\" \/>\n<meta property=\"og:type\" content=\"article\" \/>\n<meta property=\"og:title\" content=\"L&#039;expertise immobilier - L&#039;emplacement\" \/>\n<meta property=\"og:description\" content=\"Expertise immobili\u00e8re pour votre bien r\u00e9sidentiel ou professionnel Faites appel \u00e0 un expert immobilier ind\u00e9pendant pour \u00e9valuer en toute impartialit\u00e9 la valeur de votre bien immobilier, de fonds de commerce. Notre expertise repose sur des m\u00e9thodes appliqu\u00e9es tr\u00e8s pr\u00e9cises, encadr\u00e9es par des r\u00e8gles strictes pour garantir la justesse et la justification juridique de chaque donn\u00e9e [&hellip;]\" \/>\n<meta property=\"og:url\" content=\"https:\/\/lemplacement.com\/?page_id=1802\" \/>\n<meta property=\"og:site_name\" content=\"L&#039;emplacement\" \/>\n<meta property=\"article:modified_time\" content=\"2023-05-13T17:24:38+00:00\" \/>\n<meta property=\"og:image\" content=\"https:\/\/lemplacement.com\/wp-content\/uploads\/2023\/01\/WhatsApp-Image-2022-12-17-at-16.37.33-300x300.jpeg\" \/>\n<meta name=\"twitter:card\" content=\"summary_large_image\" \/>\n<meta name=\"twitter:label1\" content=\"Dur\u00e9e de lecture estim\u00e9e\" \/>\n\t<meta name=\"twitter:data1\" content=\"4 minutes\" \/>\n<script type=\"application\/ld+json\" class=\"yoast-schema-graph\">{\"@context\":\"https:\/\/schema.org\",\"@graph\":[{\"@type\":\"WebPage\",\"@id\":\"https:\/\/lemplacement.com\/?page_id=1802\",\"url\":\"https:\/\/lemplacement.com\/?page_id=1802\",\"name\":\"L'expertise immobilier - L&#039;emplacement\",\"isPartOf\":{\"@id\":\"https:\/\/lemplacement.com\/#website\"},\"primaryImageOfPage\":{\"@id\":\"https:\/\/lemplacement.com\/?page_id=1802#primaryimage\"},\"image\":{\"@id\":\"https:\/\/lemplacement.com\/?page_id=1802#primaryimage\"},\"thumbnailUrl\":\"https:\/\/lemplacement.com\/wp-content\/uploads\/2023\/01\/WhatsApp-Image-2022-12-17-at-16.37.33-300x300.jpeg\",\"datePublished\":\"2022-12-17T15:29:01+00:00\",\"dateModified\":\"2023-05-13T17:24:38+00:00\",\"breadcrumb\":{\"@id\":\"https:\/\/lemplacement.com\/?page_id=1802#breadcrumb\"},\"inLanguage\":\"fr-FR\",\"potentialAction\":[{\"@type\":\"ReadAction\",\"target\":[\"https:\/\/lemplacement.com\/?page_id=1802\"]}]},{\"@type\":\"ImageObject\",\"inLanguage\":\"fr-FR\",\"@id\":\"https:\/\/lemplacement.com\/?page_id=1802#primaryimage\",\"url\":\"https:\/\/lemplacement.com\/wp-content\/uploads\/2023\/01\/WhatsApp-Image-2022-12-17-at-16.37.33.jpeg\",\"contentUrl\":\"https:\/\/lemplacement.com\/wp-content\/uploads\/2023\/01\/WhatsApp-Image-2022-12-17-at-16.37.33.jpeg\",\"width\":1024,\"height\":1024},{\"@type\":\"BreadcrumbList\",\"@id\":\"https:\/\/lemplacement.com\/?page_id=1802#breadcrumb\",\"itemListElement\":[{\"@type\":\"ListItem\",\"position\":1,\"name\":\"Accueil\",\"item\":\"https:\/\/lemplacement.com\/\"},{\"@type\":\"ListItem\",\"position\":2,\"name\":\"L&rsquo;expertise immobilier\"}]},{\"@type\":\"WebSite\",\"@id\":\"https:\/\/lemplacement.com\/#website\",\"url\":\"https:\/\/lemplacement.com\/\",\"name\":\"L&#039;emplacement\",\"description\":\"\",\"potentialAction\":[{\"@type\":\"SearchAction\",\"target\":{\"@type\":\"EntryPoint\",\"urlTemplate\":\"https:\/\/lemplacement.com\/?s={search_term_string}\"},\"query-input\":{\"@type\":\"PropertyValueSpecification\",\"valueRequired\":true,\"valueName\":\"search_term_string\"}}],\"inLanguage\":\"fr-FR\"}]}<\/script>\n<!-- \/ Yoast SEO plugin. -->","yoast_head_json":{"title":"L'expertise immobilier - L&#039;emplacement","robots":{"index":"index","follow":"follow","max-snippet":"max-snippet:-1","max-image-preview":"max-image-preview:large","max-video-preview":"max-video-preview:-1"},"canonical":"https:\/\/lemplacement.com\/?page_id=1802","og_locale":"fr_FR","og_type":"article","og_title":"L'expertise immobilier - L&#039;emplacement","og_description":"Expertise immobili\u00e8re pour votre bien r\u00e9sidentiel ou professionnel Faites appel \u00e0 un expert immobilier ind\u00e9pendant pour \u00e9valuer en toute impartialit\u00e9 la valeur de votre bien immobilier, de fonds de commerce. Notre expertise repose sur des m\u00e9thodes appliqu\u00e9es tr\u00e8s pr\u00e9cises, encadr\u00e9es par des r\u00e8gles strictes pour garantir la justesse et la justification juridique de chaque donn\u00e9e [&hellip;]","og_url":"https:\/\/lemplacement.com\/?page_id=1802","og_site_name":"L&#039;emplacement","article_modified_time":"2023-05-13T17:24:38+00:00","og_image":[{"url":"https:\/\/lemplacement.com\/wp-content\/uploads\/2023\/01\/WhatsApp-Image-2022-12-17-at-16.37.33-300x300.jpeg","type":"","width":"","height":""}],"twitter_card":"summary_large_image","twitter_misc":{"Dur\u00e9e de lecture estim\u00e9e":"4 minutes"},"schema":{"@context":"https:\/\/schema.org","@graph":[{"@type":"WebPage","@id":"https:\/\/lemplacement.com\/?page_id=1802","url":"https:\/\/lemplacement.com\/?page_id=1802","name":"L'expertise immobilier - L&#039;emplacement","isPartOf":{"@id":"https:\/\/lemplacement.com\/#website"},"primaryImageOfPage":{"@id":"https:\/\/lemplacement.com\/?page_id=1802#primaryimage"},"image":{"@id":"https:\/\/lemplacement.com\/?page_id=1802#primaryimage"},"thumbnailUrl":"https:\/\/lemplacement.com\/wp-content\/uploads\/2023\/01\/WhatsApp-Image-2022-12-17-at-16.37.33-300x300.jpeg","datePublished":"2022-12-17T15:29:01+00:00","dateModified":"2023-05-13T17:24:38+00:00","breadcrumb":{"@id":"https:\/\/lemplacement.com\/?page_id=1802#breadcrumb"},"inLanguage":"fr-FR","potentialAction":[{"@type":"ReadAction","target":["https:\/\/lemplacement.com\/?page_id=1802"]}]},{"@type":"ImageObject","inLanguage":"fr-FR","@id":"https:\/\/lemplacement.com\/?page_id=1802#primaryimage","url":"https:\/\/lemplacement.com\/wp-content\/uploads\/2023\/01\/WhatsApp-Image-2022-12-17-at-16.37.33.jpeg","contentUrl":"https:\/\/lemplacement.com\/wp-content\/uploads\/2023\/01\/WhatsApp-Image-2022-12-17-at-16.37.33.jpeg","width":1024,"height":1024},{"@type":"BreadcrumbList","@id":"https:\/\/lemplacement.com\/?page_id=1802#breadcrumb","itemListElement":[{"@type":"ListItem","position":1,"name":"Accueil","item":"https:\/\/lemplacement.com\/"},{"@type":"ListItem","position":2,"name":"L&rsquo;expertise immobilier"}]},{"@type":"WebSite","@id":"https:\/\/lemplacement.com\/#website","url":"https:\/\/lemplacement.com\/","name":"L&#039;emplacement","description":"","potentialAction":[{"@type":"SearchAction","target":{"@type":"EntryPoint","urlTemplate":"https:\/\/lemplacement.com\/?s={search_term_string}"},"query-input":{"@type":"PropertyValueSpecification","valueRequired":true,"valueName":"search_term_string"}}],"inLanguage":"fr-FR"}]}},"_links":{"self":[{"href":"https:\/\/lemplacement.com\/index.php?rest_route=\/wp\/v2\/pages\/1802","targetHints":{"allow":["GET"]}}],"collection":[{"href":"https:\/\/lemplacement.com\/index.php?rest_route=\/wp\/v2\/pages"}],"about":[{"href":"https:\/\/lemplacement.com\/index.php?rest_route=\/wp\/v2\/types\/page"}],"author":[{"embeddable":true,"href":"https:\/\/lemplacement.com\/index.php?rest_route=\/wp\/v2\/users\/2"}],"replies":[{"embeddable":true,"href":"https:\/\/lemplacement.com\/index.php?rest_route=%2Fwp%2Fv2%2Fcomments&post=1802"}],"version-history":[{"count":46,"href":"https:\/\/lemplacement.com\/index.php?rest_route=\/wp\/v2\/pages\/1802\/revisions"}],"predecessor-version":[{"id":2251,"href":"https:\/\/lemplacement.com\/index.php?rest_route=\/wp\/v2\/pages\/1802\/revisions\/2251"}],"wp:attachment":[{"href":"https:\/\/lemplacement.com\/index.php?rest_route=%2Fwp%2Fv2%2Fmedia&parent=1802"}],"curies":[{"name":"wp","href":"https:\/\/api.w.org\/{rel}","templated":true}]}}